{"id":258,"date":"2018-01-22T10:17:40","date_gmt":"2018-01-22T14:17:40","guid":{"rendered":"http:\/\/alcaldiayamasa.gob.do\/transparencia\/?page_id=258"},"modified":"2025-08-07T19:16:23","modified_gmt":"2025-08-07T23:16:23","slug":"responsable-de-acceso-a-la-informacion","status":"publish","type":"page","link":"https:\/\/ayuntamientoyamasa.gob.do\/transparencia\/responsable-de-acceso-a-la-informacion\/","title":{"rendered":"Responsable de Acceso a la Informaci\u00f3n"},"content":{"rendered":"<p><strong>Contactos del Responsable de Acceso a la Informaci\u00f3n Municipal (RAIM)<\/strong><\/p>\n<p class=\"rai_nombre\"><b>Nombre: <\/b>Ruth Esther de Le\u00f3n Mart\u00ednez<\/p>\n<p class=\"rai_nombre\"><strong>Tel.:<\/strong> (829) 243-4109<\/p>\n<p class=\"rai_nombre\"><strong>Correo:<\/strong> oficinaoaimyamasa@gmail.com<\/p>\n<p><strong>Direcci\u00f3n:<\/strong> Calle Gast\u00f3n Fernando Deligne No.6, Yamas\u00e1, Rep.Dom<\/p>\n<p class=\"paragraph ng-attr-widget\"><strong><span class=\"ng-directive ng-binding\">\u00a0<\/span><\/strong><\/p>\n","protected":false},"excerpt":{"rendered":"Contactos del Responsable de Acceso a la Informaci\u00f3n Municipal (RAIM) Nombre: Ruth Esther de Le\u00f3n Mart\u00ednez Tel.: (829) 243-4109 Correo: oficinaoaimyamasa@gmail.com Direcci\u00f3n: Calle Gast\u00f3n Fernando Deligne No.6, Yamas\u00e1, Rep.Dom \u00a0","protected":false},"author":4,"featured_media":607,"parent":0,"menu_order":0,"comment_status":"closed","ping_status":"closed","template":"","meta":[],"_links":{"self":[{"href":"https:\/\/ayuntamientoyamasa.gob.do\/transparencia\/wp-json\/wp\/v2\/pages\/258"}],"collection":[{"href":"https:\/\/ayuntamientoyamasa.gob.do\/transparencia\/wp-json\/wp\/v2\/pages"}],"about":[{"href":"https:\/\/ayuntamientoyamasa.gob.do\/transparencia\/wp-json\/wp\/v2\/types\/page"}],"author":[{"embeddable":true,"href":"https:\/\/ayuntamientoyamasa.gob.do\/transparencia\/wp-json\/wp\/v2\/users\/4"}],"replies":[{"embeddable":true,"href":"https:\/\/ayuntamientoyamasa.gob.do\/transparencia\/wp-json\/wp\/v2\/comments?post=258"}],"version-history":[{"count":16,"href":"https:\/\/ayuntamientoyamasa.gob.do\/transparencia\/wp-json\/wp\/v2\/pages\/258\/revisions"}],"predecessor-version":[{"id":1465,"href":"https:\/\/ayuntamientoyamasa.gob.do\/transparencia\/wp-json\/wp\/v2\/pages\/258\/revisions\/1465"}],"wp:featuredmedia":[{"embeddable":true,"href":"https:\/\/ayuntamientoyamasa.gob.do\/transparencia\/wp-json\/wp\/v2\/media\/607"}],"wp:attachment":[{"href":"https:\/\/ayuntamientoyamasa.gob.do\/transparencia\/wp-json\/wp\/v2\/media?parent=258"}],"curies":[{"name":"wp","href":"https:\/\/api.w.org\/{rel}","templated":true}]}}